{"id":4513,"date":"2023-07-03T08:45:36","date_gmt":"2023-07-03T11:45:36","guid":{"rendered":"https:\/\/reserva.tropicalhorizontravel.com\/?post_type=product&#038;p=4513"},"modified":"2023-11-07T18:00:03","modified_gmt":"2023-11-07T21:00:03","slug":"cristo-redentor-city-tour-exp","status":"publish","type":"product","link":"https:\/\/reserva.tropicalhorizontravel.com\/index.php\/product\/cristo-redentor-city-tour-exp\/","title":{"rendered":"CRISTO REDENTOR &#038; CITY TOUR EXP"},"content":{"rendered":"<p><strong>Tour Cristo Redentor &amp; City Tour Express<\/strong><\/p>\n<p>Conhe\u00e7a o Cristo Redentor e tamb\u00e9m alguns dos pontos tur\u00edsticos mais lindos da cidade.<\/p>\n<p>&nbsp;<\/p>\n<p><strong>Que inclui?<\/strong><br \/>\nTour ALL-INCLUSIVE<\/p>\n<ul>\n<li>Transporte inclu\u00eddo<\/li>\n<li>Van com Ar Condicionado<\/li>\n<li>Guia Profissional Bilingue (espanhol,ingl\u00eas,portugu\u00eas)<\/li>\n<\/ul>\n<p><strong>Roteiro<\/strong><\/p>\n<ul>\n<li>Cristo Redentor &#8211; Entrada inclusa<\/li>\n<li>Est\u00e1dio Maracan\u00e3<\/li>\n<li>Catedral Metropolitana de S\u00e3o Sebasti\u00e3o<\/li>\n<li>Samb\u00f3dromo<\/li>\n<li>Escadaria Selaron<\/li>\n<li>Centro Hist\u00f3rico<\/li>\n<li>Floresta da Tijuca<\/li>\n<\/ul>\n","protected":false},"excerpt":{"rendered":"<p>City Tour com visita a Catedral, Lagoa Rodrigo de Freitas (vista), passeio pelo Maracan\u00e3, Samb\u00f3dromo e Centro da Cidade, Arcos da Lapa, P\u00e3o de A\u00e7\u00facar com Morro da Urca e Praia Vermelha com subida de bondinho (Telef\u00e9rico) at\u00e9 o ultimo est\u00e1gio, subida em van pelo Cosme Velho ao Corcovado (Cristo Redentor) passando pela Floresta da Tijuca.<\/p>\n<style>\n        .botao {\n            display: inline-block;\n            padding: 10px 20px;\n            background-color: #007bff; \/* Cor de fundo do bot\u00e3o *\/\n            color: #fff; \/* Cor do texto do bot\u00e3o *\/\n            text-decoration: none; \/* Remover sublinhado padr\u00e3o de links *\/\n            border: none; \/* Remover borda padr\u00e3o *\/\n            border-radius: 5px; \/* Cantos arredondados *\/\n        }\n    <\/style>\n<p><a href=\"mailto:rjtoptourexp@gmail.com\" class=\"botao\">Reserve<\/a><br \/>\n<\/body><\/p>\n","protected":false},"featured_media":4514,"comment_status":"open","ping_status":"closed","template":"","meta":{"site-sidebar-layout":"default","site-content-layout":"default","ast-site-content-layout":"default","site-content-style":"default","site-sidebar-style":"default","ast-global-header-display":"","ast-banner-title-visibility":"","ast-main-header-display":"","ast-hfb-above-header-display":"","ast-hfb-below-header-display":"","ast-hfb-mobile-header-display":"","site-post-title":"","ast-breadcrumbs-content":"","ast-featured-img":"","footer-sml-layout":"","ast-disable-related-posts":"","theme-transparent-header-meta":"default","adv-header-id-meta":"","stick-header-meta":"","header-above-stick-meta":"","header-main-stick-meta":"","header-below-stick-meta":"","astra-migrate-meta-layouts":"set","ast-page-background-enabled":"default","ast-page-background-meta":{"desktop":{"background-color":"","background-image":"","background-repeat":"repeat","background-position":"center center","background-size":"auto","background-attachment":"scroll","background-type":"","background-media":"","overlay-type":"","overlay-color":"","overlay-opacity":"","overlay-gradient":""},"tablet":{"background-color":"","background-image":"","background-repeat":"repeat","background-position":"center center","background-size":"auto","background-attachment":"scroll","background-type":"","background-media":"","overlay-type":"","overlay-color":"","overlay-opacity":"","overlay-gradient":""},"mobile":{"background-color":"","background-image":"","background-repeat":"repeat","background-position":"center center","background-size":"auto","background-attachment":"scroll","background-type":"","background-media":"","overlay-type":"","overlay-color":"","overlay-opacity":"","overlay-gradient":""}},"ast-content-background-meta":{"desktop":{"background-color":"var(--ast-global-color-5)","background-image":"","background-repeat":"repeat","background-position":"center center","background-size":"auto","background-attachment":"scroll","background-type":"","background-media":"","overlay-type":"","overlay-color":"","overlay-opacity":"","overlay-gradient":""},"tablet":{"background-color":"var(--ast-global-color-5)","background-image":"","background-repeat":"repeat","background-position":"center center","background-size":"auto","background-attachment":"scroll","background-type":"","background-media":"","overlay-type":"","overlay-color":"","overlay-opacity":"","overlay-gradient":""},"mobile":{"background-color":"var(--ast-global-color-5)","background-image":"","background-repeat":"repeat","background-position":"center center","background-size":"auto","background-attachment":"scroll","background-type":"","background-media":"","overlay-type":"","overlay-color":"","overlay-opacity":"","overlay-gradient":""}}},"product_brand":[],"product_cat":[15],"product_tag":[],"class_list":{"0":"post-4513","1":"product","2":"type-product","3":"status-publish","4":"has-post-thumbnail","6":"product_cat-passeios","7":"desktop-align-left","8":"tablet-align-left","9":"mobile-align-left","11":"first","12":"instock","13":"featured","14":"shipping-taxable","15":"purchasable","16":"product-type-simple"},"_links":{"self":[{"href":"https:\/\/reserva.tropicalhorizontravel.com\/index.php\/wp-json\/wp\/v2\/product\/4513","targetHints":{"allow":["GET"]}}],"collection":[{"href":"https:\/\/reserva.tropicalhorizontravel.com\/index.php\/wp-json\/wp\/v2\/product"}],"about":[{"href":"https:\/\/reserva.tropicalhorizontravel.com\/index.php\/wp-json\/wp\/v2\/types\/product"}],"replies":[{"embeddable":true,"href":"https:\/\/reserva.tropicalhorizontravel.com\/index.php\/wp-json\/wp\/v2\/comments?post=4513"}],"version-history":[{"count":2,"href":"https:\/\/reserva.tropicalhorizontravel.com\/index.php\/wp-json\/wp\/v2\/product\/4513\/revisions"}],"predecessor-version":[{"id":4556,"href":"https:\/\/reserva.tropicalhorizontravel.com\/index.php\/wp-json\/wp\/v2\/product\/4513\/revisions\/4556"}],"wp:featuredmedia":[{"embeddable":true,"href":"https:\/\/reserva.tropicalhorizontravel.com\/index.php\/wp-json\/wp\/v2\/media\/4514"}],"wp:attachment":[{"href":"https:\/\/reserva.tropicalhorizontravel.com\/index.php\/wp-json\/wp\/v2\/media?parent=4513"}],"wp:term":[{"taxonomy":"product_brand","embeddable":true,"href":"https:\/\/reserva.tropicalhorizontravel.com\/index.php\/wp-json\/wp\/v2\/product_brand?post=4513"},{"taxonomy":"product_cat","embeddable":true,"href":"https:\/\/reserva.tropicalhorizontravel.com\/index.php\/wp-json\/wp\/v2\/product_cat?post=4513"},{"taxonomy":"product_tag","embeddable":true,"href":"https:\/\/reserva.tropicalhorizontravel.com\/index.php\/wp-json\/wp\/v2\/product_tag?post=4513"}],"curies":[{"name":"wp","href":"https:\/\/api.w.org\/{rel}","templated":true}]}}