{"id":4510,"date":"2023-07-03T08:41:03","date_gmt":"2023-07-03T11:41:03","guid":{"rendered":"https:\/\/reserva.tropicalhorizontravel.com\/?post_type=product&#038;p=4510"},"modified":"2025-02-12T09:33:36","modified_gmt":"2025-02-12T12:33:36","slug":"trekking-pedra-do-telegrafo-com-transporte","status":"publish","type":"product","link":"https:\/\/reserva.tropicalhorizontravel.com\/index.php\/product\/trekking-pedra-do-telegrafo-com-transporte\/","title":{"rendered":"TREKKING PEDRA DO TELEGRAFO (COM TRANSPORTE)"},"content":{"rendered":"<p><strong>Trekking Pedra do Tel\u00e9grafo<\/strong><\/p>\n<p>Trekking Pedra do Tel\u00e9grafo. Um passeio no meio da natureza, de leve intensidade.<\/p>\n<p>&nbsp;<\/p>\n<p><strong>Que inclui?<\/strong><br \/>\nTour ALL-INCLUSIVE<\/p>\n<ul>\n<li>Transporte inclu\u00eddo<\/li>\n<li>Guia especializado em Caminhadas<\/li>\n<li>Visita guiada \u00e0 Pedra do Tel\u00e9grafo<\/li>\n<li>Dura\u00e7\u00e3o 4 horas<\/li>\n<\/ul>\n<p><strong>Roteiro<\/strong><\/p>\n<p>A Pedra do Tel\u00e9grafo se destaca pelas incr\u00edveis fotos que mostram pessoas \u00e0 beira do abismo, conseguidas atrav\u00e9s de um \u00e2ngulo espec\u00edfico que cria uma ilus\u00e3o de \u00f3tica na fotografia Durante o passeio da trilha Pedra do Tel\u00e9grafo iremos percorrer 3,5 Km de trilha e caminhada moderada, nosso guia especializado no local ir\u00e1 passar por diversos mirantes e lindos visuais de tirar o f\u00f4lego. Um deles \u00e9 o muito conhecido por ter sido divulgado em diversas redes sociais. Trata-se de uma grande pedra pontiaguda onde existe espa\u00e7o para ficar em p\u00e9.A impress\u00e3o \u00e9 que, abaixo da pedra, existe um abismo. O cume do Morro do Tel\u00e9grafo \u00e9 bem grande e existem diversos pontos interessantes para fotografia. N\u00e3o se preocupe que nosso guia para a Pedra do Tel\u00e9grafo \u00e9 treinado em fotografia e conhece os melhores \u00e2ngulos para as melhores fotos. E lembre-se: montanha \u00e9 local para contempla\u00e7\u00e3o e introspec\u00e7\u00e3o..Durante o tour da Pedra do Tel\u00e9grafo, temos uma exuberante vista da Praia do Perigoso, Praia do Meio e Grumari, o \u201cCircuito das Praias Selvagens\u201d.<\/p>\n","protected":false},"excerpt":{"rendered":"<p>O contato com a natureza nos traz uma sensa\u00e7\u00e3o de liberdade e paz que s\u00f3 encontramos em locais como a regi\u00e3o das praias selvagens. \u00c9 poss\u00edvel ver tamb\u00e9m o Pontal do Recreio, Barra da Tijuca, Pedra da G\u00e1vea e toda a Restinga do Marambaia (uma das maiores praias do nosso litoral)<\/p>\n<style>\n        .botao {\n            display: inline-block;\n            padding: 10px 20px;\n            background-color: #007bff; \/* Cor de fundo do bot\u00e3o *\/\n            color: #fff; \/* Cor do texto do bot\u00e3o *\/\n            text-decoration: none; \/* Remover sublinhado padr\u00e3o de links *\/\n            border: none; \/* Remover borda padr\u00e3o *\/\n            border-radius: 5px; \/* Cantos arredondados *\/\n        }\n    <\/style>\n<p><a href=\"mailto:rjtoptourexp@gmail.com\" class=\"botao\">Reserve<\/a><br \/>\n<\/body><\/p>\n","protected":false},"featured_media":4511,"comment_status":"open","ping_status":"closed","template":"","meta":{"site-sidebar-layout":"default","site-content-layout":"default","ast-site-content-layout":"default","site-content-style":"default","site-sidebar-style":"default","ast-global-header-display":"","ast-banner-title-visibility":"","ast-main-header-display":"","ast-hfb-above-header-display":"","ast-hfb-below-header-display":"","ast-hfb-mobile-header-display":"","site-post-title":"","ast-breadcrumbs-content":"","ast-featured-img":"","footer-sml-layout":"","ast-disable-related-posts":"","theme-transparent-header-meta":"default","adv-header-id-meta":"","stick-header-meta":"","header-above-stick-meta":"","header-main-stick-meta":"","header-below-stick-meta":"","astra-migrate-meta-layouts":"set","ast-page-background-enabled":"default","ast-page-background-meta":{"desktop":{"background-color":"","background-image":"","background-repeat":"repeat","background-position":"center center","background-size":"auto","background-attachment":"scroll","background-type":"","background-media":"","overlay-type":"","overlay-color":"","overlay-opacity":"","overlay-gradient":""},"tablet":{"background-color":"","background-image":"","background-repeat":"repeat","background-position":"center center","background-size":"auto","background-attachment":"scroll","background-type":"","background-media":"","overlay-type":"","overlay-color":"","overlay-opacity":"","overlay-gradient":""},"mobile":{"background-color":"","background-image":"","background-repeat":"repeat","background-position":"center center","background-size":"auto","background-attachment":"scroll","background-type":"","background-media":"","overlay-type":"","overlay-color":"","overlay-opacity":"","overlay-gradient":""}},"ast-content-background-meta":{"desktop":{"background-color":"var(--ast-global-color-5)","background-image":"","background-repeat":"repeat","background-position":"center center","background-size":"auto","background-attachment":"scroll","background-type":"","background-media":"","overlay-type":"","overlay-color":"","overlay-opacity":"","overlay-gradient":""},"tablet":{"background-color":"var(--ast-global-color-5)","background-image":"","background-repeat":"repeat","background-position":"center center","background-size":"auto","background-attachment":"scroll","background-type":"","background-media":"","overlay-type":"","overlay-color":"","overlay-opacity":"","overlay-gradient":""},"mobile":{"background-color":"var(--ast-global-color-5)","background-image":"","background-repeat":"repeat","background-position":"center center","background-size":"auto","background-attachment":"scroll","background-type":"","background-media":"","overlay-type":"","overlay-color":"","overlay-opacity":"","overlay-gradient":""}}},"product_brand":[],"product_cat":[15],"product_tag":[],"class_list":{"0":"post-4510","1":"product","2":"type-product","3":"status-publish","4":"has-post-thumbnail","6":"product_cat-passeios","7":"desktop-align-left","8":"tablet-align-left","9":"mobile-align-left","11":"first","12":"instock","13":"featured","14":"shipping-taxable","15":"purchasable","16":"product-type-simple"},"_links":{"self":[{"href":"https:\/\/reserva.tropicalhorizontravel.com\/index.php\/wp-json\/wp\/v2\/product\/4510","targetHints":{"allow":["GET"]}}],"collection":[{"href":"https:\/\/reserva.tropicalhorizontravel.com\/index.php\/wp-json\/wp\/v2\/product"}],"about":[{"href":"https:\/\/reserva.tropicalhorizontravel.com\/index.php\/wp-json\/wp\/v2\/types\/product"}],"replies":[{"embeddable":true,"href":"https:\/\/reserva.tropicalhorizontravel.com\/index.php\/wp-json\/wp\/v2\/comments?post=4510"}],"version-history":[{"count":2,"href":"https:\/\/reserva.tropicalhorizontravel.com\/index.php\/wp-json\/wp\/v2\/product\/4510\/revisions"}],"predecessor-version":[{"id":4557,"href":"https:\/\/reserva.tropicalhorizontravel.com\/index.php\/wp-json\/wp\/v2\/product\/4510\/revisions\/4557"}],"wp:featuredmedia":[{"embeddable":true,"href":"https:\/\/reserva.tropicalhorizontravel.com\/index.php\/wp-json\/wp\/v2\/media\/4511"}],"wp:attachment":[{"href":"https:\/\/reserva.tropicalhorizontravel.com\/index.php\/wp-json\/wp\/v2\/media?parent=4510"}],"wp:term":[{"taxonomy":"product_brand","embeddable":true,"href":"https:\/\/reserva.tropicalhorizontravel.com\/index.php\/wp-json\/wp\/v2\/product_brand?post=4510"},{"taxonomy":"product_cat","embeddable":true,"href":"https:\/\/reserva.tropicalhorizontravel.com\/index.php\/wp-json\/wp\/v2\/product_cat?post=4510"},{"taxonomy":"product_tag","embeddable":true,"href":"https:\/\/reserva.tropicalhorizontravel.com\/index.php\/wp-json\/wp\/v2\/product_tag?post=4510"}],"curies":[{"name":"wp","href":"https:\/\/api.w.org\/{rel}","templated":true}]}}