{"id":4507,"date":"2023-07-03T08:35:22","date_gmt":"2023-07-03T11:35:22","guid":{"rendered":"https:\/\/reserva.tropicalhorizontravel.com\/?post_type=product&#038;p=4507"},"modified":"2025-04-12T12:37:22","modified_gmt":"2025-04-12T15:37:22","slug":"city-tour-um-dia-no-rio","status":"publish","type":"product","link":"https:\/\/reserva.tropicalhorizontravel.com\/index.php\/product\/city-tour-um-dia-no-rio\/","title":{"rendered":"CITY TOUR &#8211; UM DIA NO RIO"},"content":{"rendered":"<p><strong>City Tour<\/strong><\/p>\n<p>Um dia inteiro dedicado a cidade maravilhosa. Visita os principais pontos tur\u00edsticos do Rio de Janeiro, com conforto e seguran\u00e7a.<\/p>\n<p>&nbsp;<\/p>\n<p><strong>Que inclui?<\/strong><br \/>\nTour ALL-INCLUSIVE<\/p>\n<ul>\n<li>Transporte inclu\u00eddo<\/li>\n<li>Van com Ar Condicionado<\/li>\n<li>Guia Profissional Bilingue (espanhol,ingl\u00eas,portugu\u00eas)<\/li>\n<li>Almo\u00e7o<\/li>\n<\/ul>\n<p><strong>Itinerario<\/strong><\/p>\n<ul>\n<li>Cristo Redentor &#8211; Entrada inclusa<\/li>\n<li>P\u00e3o de A\u00e7\u00facar &#8211; Entrada inclusa<\/li>\n<li>Est\u00e1dio Maracan\u00e3<\/li>\n<li>Catedral Metropolitana de S\u00e3o Sebasti\u00e3o<\/li>\n<li>Samb\u00f3dromo<\/li>\n<li>Escadaria Selaron<\/li>\n<li>Centro Historico<\/li>\n<li>Floresta da Tijuca<\/li>\n<\/ul>\n","protected":false},"excerpt":{"rendered":"<p>P\u00e3o de A\u00e7\u00facar com Morro da Urca e Praia Vermelha com subida de bondinho (Telef\u00e9rico) e subida em van pelo Cosme Velho ao Corcovado (Cristo Redentor) passando pela Floresta da Tijuca. Catedral, Lagoa Rodrigo de Freitas (vista), Maracan\u00e3, Samb\u00f3dromo e Centro da Cidade, Arcos da Lapa e almo\u00e7o em churrascaria.<\/p>\n<style>\n        .botao {\n            display: inline-block;\n            padding: 10px 20px;\n            background-color: #007bff; \/* Cor de fundo do bot\u00e3o *\/\n            color: #fff; \/* Cor do texto do bot\u00e3o *\/\n            text-decoration: none; \/* Remover sublinhado padr\u00e3o de links *\/\n            border: none; \/* Remover borda padr\u00e3o *\/\n            border-radius: 5px; \/* Cantos arredondados *\/\n        }\n    <\/style>\n<p><a href=\"mailto:rjtoptourexp@gmail.com\" class=\"botao\">Reserve<\/a><br \/>\n<\/body><\/p>\n","protected":false},"featured_media":4508,"comment_status":"open","ping_status":"closed","template":"","meta":{"site-sidebar-layout":"default","site-content-layout":"default","ast-site-content-layout":"default","site-content-style":"default","site-sidebar-style":"default","ast-global-header-display":"","ast-banner-title-visibility":"","ast-main-header-display":"","ast-hfb-above-header-display":"","ast-hfb-below-header-display":"","ast-hfb-mobile-header-display":"","site-post-title":"","ast-breadcrumbs-content":"","ast-featured-img":"","footer-sml-layout":"","ast-disable-related-posts":"","theme-transparent-header-meta":"default","adv-header-id-meta":"","stick-header-meta":"","header-above-stick-meta":"","header-main-stick-meta":"","header-below-stick-meta":"","astra-migrate-meta-layouts":"set","ast-page-background-enabled":"default","ast-page-background-meta":{"desktop":{"background-color":"","background-image":"","background-repeat":"repeat","background-position":"center center","background-size":"auto","background-attachment":"scroll","background-type":"","background-media":"","overlay-type":"","overlay-color":"","overlay-opacity":"","overlay-gradient":""},"tablet":{"background-color":"","background-image":"","background-repeat":"repeat","background-position":"center center","background-size":"auto","background-attachment":"scroll","background-type":"","background-media":"","overlay-type":"","overlay-color":"","overlay-opacity":"","overlay-gradient":""},"mobile":{"background-color":"","background-image":"","background-repeat":"repeat","background-position":"center center","background-size":"auto","background-attachment":"scroll","background-type":"","background-media":"","overlay-type":"","overlay-color":"","overlay-opacity":"","overlay-gradient":""}},"ast-content-background-meta":{"desktop":{"background-color":"var(--ast-global-color-5)","background-image":"","background-repeat":"repeat","background-position":"center center","background-size":"auto","background-attachment":"scroll","background-type":"","background-media":"","overlay-type":"","overlay-color":"","overlay-opacity":"","overlay-gradient":""},"tablet":{"background-color":"var(--ast-global-color-5)","background-image":"","background-repeat":"repeat","background-position":"center center","background-size":"auto","background-attachment":"scroll","background-type":"","background-media":"","overlay-type":"","overlay-color":"","overlay-opacity":"","overlay-gradient":""},"mobile":{"background-color":"var(--ast-global-color-5)","background-image":"","background-repeat":"repeat","background-position":"center center","background-size":"auto","background-attachment":"scroll","background-type":"","background-media":"","overlay-type":"","overlay-color":"","overlay-opacity":"","overlay-gradient":""}}},"product_brand":[],"product_cat":[15],"product_tag":[],"class_list":{"0":"post-4507","1":"product","2":"type-product","3":"status-publish","4":"has-post-thumbnail","6":"product_cat-passeios","7":"desktop-align-left","8":"tablet-align-left","9":"mobile-align-left","11":"first","12":"instock","13":"featured","14":"shipping-taxable","15":"purchasable","16":"product-type-simple"},"_links":{"self":[{"href":"https:\/\/reserva.tropicalhorizontravel.com\/index.php\/wp-json\/wp\/v2\/product\/4507","targetHints":{"allow":["GET"]}}],"collection":[{"href":"https:\/\/reserva.tropicalhorizontravel.com\/index.php\/wp-json\/wp\/v2\/product"}],"about":[{"href":"https:\/\/reserva.tropicalhorizontravel.com\/index.php\/wp-json\/wp\/v2\/types\/product"}],"replies":[{"embeddable":true,"href":"https:\/\/reserva.tropicalhorizontravel.com\/index.php\/wp-json\/wp\/v2\/comments?post=4507"}],"version-history":[{"count":2,"href":"https:\/\/reserva.tropicalhorizontravel.com\/index.php\/wp-json\/wp\/v2\/product\/4507\/revisions"}],"predecessor-version":[{"id":4558,"href":"https:\/\/reserva.tropicalhorizontravel.com\/index.php\/wp-json\/wp\/v2\/product\/4507\/revisions\/4558"}],"wp:featuredmedia":[{"embeddable":true,"href":"https:\/\/reserva.tropicalhorizontravel.com\/index.php\/wp-json\/wp\/v2\/media\/4508"}],"wp:attachment":[{"href":"https:\/\/reserva.tropicalhorizontravel.com\/index.php\/wp-json\/wp\/v2\/media?parent=4507"}],"wp:term":[{"taxonomy":"product_brand","embeddable":true,"href":"https:\/\/reserva.tropicalhorizontravel.com\/index.php\/wp-json\/wp\/v2\/product_brand?post=4507"},{"taxonomy":"product_cat","embeddable":true,"href":"https:\/\/reserva.tropicalhorizontravel.com\/index.php\/wp-json\/wp\/v2\/product_cat?post=4507"},{"taxonomy":"product_tag","embeddable":true,"href":"https:\/\/reserva.tropicalhorizontravel.com\/index.php\/wp-json\/wp\/v2\/product_tag?post=4507"}],"curies":[{"name":"wp","href":"https:\/\/api.w.org\/{rel}","templated":true}]}}