{"id":4504,"date":"2023-07-03T08:30:27","date_gmt":"2023-07-03T11:30:27","guid":{"rendered":"https:\/\/reserva.tropicalhorizontravel.com\/?post_type=product&#038;p=4504"},"modified":"2024-08-09T14:48:53","modified_gmt":"2024-08-09T17:48:53","slug":"tour-buzios","status":"publish","type":"product","link":"https:\/\/reserva.tropicalhorizontravel.com\/index.php\/product\/tour-buzios\/","title":{"rendered":"TOUR B\u00daZIOS"},"content":{"rendered":"<p><strong>Tour B\u00fazios<\/strong><\/p>\n<p>Visita as praias mais lindas do litoral. Agua azul e muita divers\u00e3o.<\/p>\n<p>&nbsp;<\/p>\n<p><strong>Que inclui?<\/strong><br \/>\nTour ALL-INCLUSIVE<\/p>\n<ul>\n<li>Transporte inclu\u00eddo<\/li>\n<li>Onibus de Turismo com Ar Condicionado<\/li>\n<li>Almo\u00e7o<\/li>\n<li>Guia Profissional Bilingue (espanhol,ingl\u00eas,portugu\u00eas)<\/li>\n<li>Tour de Barco<\/li>\n<li>Passeio da Cidade<\/li>\n<li>Dura\u00e7\u00e3o 14h<\/li>\n<li>Total Seguran\u00e7a<\/li>\n<\/ul>\n<p><strong>Itinerario<\/strong><\/p>\n<ul>\n<li>Rua das Pedras<\/li>\n<li>Praia da Tartaruga<\/li>\n<li>Praia da Azeda e Azedinha<\/li>\n<li>Praia de Arma\u00e7\u00e3o de B\u00fazios<\/li>\n<li>Praia-dos-Ossos<\/li>\n<\/ul>\n","protected":false},"excerpt":{"rendered":"<p>Brigitte Bardott se encantou e foi homenageada nesta cidade que oferece toda a infraestrutura e conforto para seus visitantes, suas praias com vegeta\u00e7\u00f5es variadas, formato e temperatura da \u00e1gua e caracter\u00edsticas \u00fanicas.<br \/>\nA Rua das Pedras \u00e9 o ponto mais badalado da cidade, onde as l\u00ednguas se misturam e os ritmos se fundem.<\/p>\n<style>\n        .botao {\n            display: inline-block;\n            padding: 10px 20px;\n            background-color: #007bff; \/* Cor de fundo do bot\u00e3o *\/\n            color: #fff; \/* Cor do texto do bot\u00e3o *\/\n            text-decoration: none; \/* Remover sublinhado padr\u00e3o de links *\/\n            border: none; \/* Remover borda padr\u00e3o *\/\n            border-radius: 5px; \/* Cantos arredondados *\/\n        }\n    <\/style>\n<p><a href=\"mailto:rjtoptourexp@gmail.com\" class=\"botao\">Reserve<\/a><br \/>\n<\/body><\/p>\n","protected":false},"featured_media":4505,"comment_status":"open","ping_status":"closed","template":"","meta":{"site-sidebar-layout":"default","site-content-layout":"default","ast-site-content-layout":"default","site-content-style":"default","site-sidebar-style":"default","ast-global-header-display":"","ast-banner-title-visibility":"","ast-main-header-display":"","ast-hfb-above-header-display":"","ast-hfb-below-header-display":"","ast-hfb-mobile-header-display":"","site-post-title":"","ast-breadcrumbs-content":"","ast-featured-img":"","footer-sml-layout":"","ast-disable-related-posts":"","theme-transparent-header-meta":"default","adv-header-id-meta":"","stick-header-meta":"","header-above-stick-meta":"","header-main-stick-meta":"","header-below-stick-meta":"","astra-migrate-meta-layouts":"set","ast-page-background-enabled":"default","ast-page-background-meta":{"desktop":{"background-color":"","background-image":"","background-repeat":"repeat","background-position":"center center","background-size":"auto","background-attachment":"scroll","background-type":"","background-media":"","overlay-type":"","overlay-color":"","overlay-opacity":"","overlay-gradient":""},"tablet":{"background-color":"","background-image":"","background-repeat":"repeat","background-position":"center center","background-size":"auto","background-attachment":"scroll","background-type":"","background-media":"","overlay-type":"","overlay-color":"","overlay-opacity":"","overlay-gradient":""},"mobile":{"background-color":"","background-image":"","background-repeat":"repeat","background-position":"center center","background-size":"auto","background-attachment":"scroll","background-type":"","background-media":"","overlay-type":"","overlay-color":"","overlay-opacity":"","overlay-gradient":""}},"ast-content-background-meta":{"desktop":{"background-color":"var(--ast-global-color-5)","background-image":"","background-repeat":"repeat","background-position":"center center","background-size":"auto","background-attachment":"scroll","background-type":"","background-media":"","overlay-type":"","overlay-color":"","overlay-opacity":"","overlay-gradient":""},"tablet":{"background-color":"var(--ast-global-color-5)","background-image":"","background-repeat":"repeat","background-position":"center center","background-size":"auto","background-attachment":"scroll","background-type":"","background-media":"","overlay-type":"","overlay-color":"","overlay-opacity":"","overlay-gradient":""},"mobile":{"background-color":"var(--ast-global-color-5)","background-image":"","background-repeat":"repeat","background-position":"center center","background-size":"auto","background-attachment":"scroll","background-type":"","background-media":"","overlay-type":"","overlay-color":"","overlay-opacity":"","overlay-gradient":""}}},"product_brand":[],"product_cat":[15],"product_tag":[],"class_list":{"0":"post-4504","1":"product","2":"type-product","3":"status-publish","4":"has-post-thumbnail","6":"product_cat-passeios","7":"desktop-align-left","8":"tablet-align-left","9":"mobile-align-left","11":"first","12":"instock","13":"featured","14":"shipping-taxable","15":"purchasable","16":"product-type-simple"},"_links":{"self":[{"href":"https:\/\/reserva.tropicalhorizontravel.com\/index.php\/wp-json\/wp\/v2\/product\/4504","targetHints":{"allow":["GET"]}}],"collection":[{"href":"https:\/\/reserva.tropicalhorizontravel.com\/index.php\/wp-json\/wp\/v2\/product"}],"about":[{"href":"https:\/\/reserva.tropicalhorizontravel.com\/index.php\/wp-json\/wp\/v2\/types\/product"}],"replies":[{"embeddable":true,"href":"https:\/\/reserva.tropicalhorizontravel.com\/index.php\/wp-json\/wp\/v2\/comments?post=4504"}],"version-history":[{"count":2,"href":"https:\/\/reserva.tropicalhorizontravel.com\/index.php\/wp-json\/wp\/v2\/product\/4504\/revisions"}],"predecessor-version":[{"id":4559,"href":"https:\/\/reserva.tropicalhorizontravel.com\/index.php\/wp-json\/wp\/v2\/product\/4504\/revisions\/4559"}],"wp:featuredmedia":[{"embeddable":true,"href":"https:\/\/reserva.tropicalhorizontravel.com\/index.php\/wp-json\/wp\/v2\/media\/4505"}],"wp:attachment":[{"href":"https:\/\/reserva.tropicalhorizontravel.com\/index.php\/wp-json\/wp\/v2\/media?parent=4504"}],"wp:term":[{"taxonomy":"product_brand","embeddable":true,"href":"https:\/\/reserva.tropicalhorizontravel.com\/index.php\/wp-json\/wp\/v2\/product_brand?post=4504"},{"taxonomy":"product_cat","embeddable":true,"href":"https:\/\/reserva.tropicalhorizontravel.com\/index.php\/wp-json\/wp\/v2\/product_cat?post=4504"},{"taxonomy":"product_tag","embeddable":true,"href":"https:\/\/reserva.tropicalhorizontravel.com\/index.php\/wp-json\/wp\/v2\/product_tag?post=4504"}],"curies":[{"name":"wp","href":"https:\/\/api.w.org\/{rel}","templated":true}]}}