{"id":4502,"date":"2023-07-03T08:21:13","date_gmt":"2023-07-03T11:21:13","guid":{"rendered":"https:\/\/reserva.tropicalhorizontravel.com\/?post_type=product&#038;p=4502"},"modified":"2024-07-08T07:22:01","modified_gmt":"2024-07-08T10:22:01","slug":"tour-angra-dos-reis-e-ilha-grande","status":"publish","type":"product","link":"https:\/\/reserva.tropicalhorizontravel.com\/index.php\/product\/tour-angra-dos-reis-e-ilha-grande\/","title":{"rendered":"TOUR ANGRA DOS REIS E ILHA GRANDE\u00a0"},"content":{"rendered":"<p><strong>Tour Angra dos Reis e Ilha Grande<\/strong><\/p>\n<p>Um dia de barco realmente emocionante em lugares celestiais.<\/p>\n<p>&nbsp;<\/p>\n<p><strong>Que inclui?<\/strong><br \/>\nTour ALL-INCLUSIVE<\/p>\n<ul>\n<li>Transporte inclu\u00eddo<\/li>\n<li>Onibus de Turismo com Ar Condicionado<\/li>\n<li>Almo\u00e7o<\/li>\n<li>Guia Profissional Bilingue (espanhol,ingl\u00eas,portugu\u00eas)<\/li>\n<li>Passeio de escuna<\/li>\n<li>Total Seguran\u00e7a<\/li>\n<\/ul>\n<p><strong>Itinerario<\/strong><\/p>\n<ul>\n<li>Cais Angra dos Reis<\/li>\n<li>Paradas em ilhas e praias para banho<\/li>\n<li>Lagoa azul em ilha grande<\/li>\n<li>Praia de Ara\u00e7\u00e1<\/li>\n<li>Praia de Japariz<\/li>\n<li>Praia de Freguesia de Santana<\/li>\n<\/ul>\n","protected":false},"excerpt":{"rendered":"<p>J\u00e1 as ilhas esperam seus visitantes para oferecer o que h\u00e1 de melhor em mat\u00e9rias de praias, bares e lojinhas de artesanato.<br \/>\nNa verdade, o que acreditaram ser uma angra (pequena enseada) era parte de um Grande complexo de ba\u00edas e centenas de ilhas. Um passeio de saveiro pelas principais ilhas da Regi\u00e3o \u00e9 obrigat\u00f3rio para quem quer desfrutar da beleza da regi\u00e3o.<\/p>\n<style>\n        .botao {\n            display: inline-block;\n            padding: 10px 20px;\n            background-color: #007bff; \/* Cor de fundo do bot\u00e3o *\/\n            color: #fff; \/* Cor do texto do bot\u00e3o *\/\n            text-decoration: none; \/* Remover sublinhado padr\u00e3o de links *\/\n            border: none; \/* Remover borda padr\u00e3o *\/\n            border-radius: 5px; \/* Cantos arredondados *\/\n        }\n    <\/style>\n<p><a href=\"mailto:rjtoptourexp@gmail.com\" class=\"botao\">Reserve<\/a><br \/>\n<\/body><\/p>\n","protected":false},"featured_media":4444,"comment_status":"open","ping_status":"closed","template":"","meta":{"site-sidebar-layout":"default","site-content-layout":"default","ast-site-content-layout":"default","site-content-style":"default","site-sidebar-style":"default","ast-global-header-display":"","ast-banner-title-visibility":"","ast-main-header-display":"","ast-hfb-above-header-display":"","ast-hfb-below-header-display":"","ast-hfb-mobile-header-display":"","site-post-title":"","ast-breadcrumbs-content":"","ast-featured-img":"","footer-sml-layout":"","ast-disable-related-posts":"","theme-transparent-header-meta":"default","adv-header-id-meta":"","stick-header-meta":"","header-above-stick-meta":"","header-main-stick-meta":"","header-below-stick-meta":"","astra-migrate-meta-layouts":"set","ast-page-background-enabled":"default","ast-page-background-meta":{"desktop":{"background-color":"","background-image":"","background-repeat":"repeat","background-position":"center center","background-size":"auto","background-attachment":"scroll","background-type":"","background-media":"","overlay-type":"","overlay-color":"","overlay-opacity":"","overlay-gradient":""},"tablet":{"background-color":"","background-image":"","background-repeat":"repeat","background-position":"center center","background-size":"auto","background-attachment":"scroll","background-type":"","background-media":"","overlay-type":"","overlay-color":"","overlay-opacity":"","overlay-gradient":""},"mobile":{"background-color":"","background-image":"","background-repeat":"repeat","background-position":"center center","background-size":"auto","background-attachment":"scroll","background-type":"","background-media":"","overlay-type":"","overlay-color":"","overlay-opacity":"","overlay-gradient":""}},"ast-content-background-meta":{"desktop":{"background-color":"var(--ast-global-color-5)","background-image":"","background-repeat":"repeat","background-position":"center center","background-size":"auto","background-attachment":"scroll","background-type":"","background-media":"","overlay-type":"","overlay-color":"","overlay-opacity":"","overlay-gradient":""},"tablet":{"background-color":"var(--ast-global-color-5)","background-image":"","background-repeat":"repeat","background-position":"center center","background-size":"auto","background-attachment":"scroll","background-type":"","background-media":"","overlay-type":"","overlay-color":"","overlay-opacity":"","overlay-gradient":""},"mobile":{"background-color":"var(--ast-global-color-5)","background-image":"","background-repeat":"repeat","background-position":"center center","background-size":"auto","background-attachment":"scroll","background-type":"","background-media":"","overlay-type":"","overlay-color":"","overlay-opacity":"","overlay-gradient":""}}},"product_brand":[],"product_cat":[15],"product_tag":[],"class_list":{"0":"post-4502","1":"product","2":"type-product","3":"status-publish","4":"has-post-thumbnail","6":"product_cat-passeios","7":"desktop-align-left","8":"tablet-align-left","9":"mobile-align-left","11":"first","12":"instock","13":"featured","14":"shipping-taxable","15":"purchasable","16":"product-type-simple"},"_links":{"self":[{"href":"https:\/\/reserva.tropicalhorizontravel.com\/index.php\/wp-json\/wp\/v2\/product\/4502","targetHints":{"allow":["GET"]}}],"collection":[{"href":"https:\/\/reserva.tropicalhorizontravel.com\/index.php\/wp-json\/wp\/v2\/product"}],"about":[{"href":"https:\/\/reserva.tropicalhorizontravel.com\/index.php\/wp-json\/wp\/v2\/types\/product"}],"replies":[{"embeddable":true,"href":"https:\/\/reserva.tropicalhorizontravel.com\/index.php\/wp-json\/wp\/v2\/comments?post=4502"}],"version-history":[{"count":2,"href":"https:\/\/reserva.tropicalhorizontravel.com\/index.php\/wp-json\/wp\/v2\/product\/4502\/revisions"}],"predecessor-version":[{"id":4560,"href":"https:\/\/reserva.tropicalhorizontravel.com\/index.php\/wp-json\/wp\/v2\/product\/4502\/revisions\/4560"}],"wp:featuredmedia":[{"embeddable":true,"href":"https:\/\/reserva.tropicalhorizontravel.com\/index.php\/wp-json\/wp\/v2\/media\/4444"}],"wp:attachment":[{"href":"https:\/\/reserva.tropicalhorizontravel.com\/index.php\/wp-json\/wp\/v2\/media?parent=4502"}],"wp:term":[{"taxonomy":"product_brand","embeddable":true,"href":"https:\/\/reserva.tropicalhorizontravel.com\/index.php\/wp-json\/wp\/v2\/product_brand?post=4502"},{"taxonomy":"product_cat","embeddable":true,"href":"https:\/\/reserva.tropicalhorizontravel.com\/index.php\/wp-json\/wp\/v2\/product_cat?post=4502"},{"taxonomy":"product_tag","embeddable":true,"href":"https:\/\/reserva.tropicalhorizontravel.com\/index.php\/wp-json\/wp\/v2\/product_tag?post=4502"}],"curies":[{"name":"wp","href":"https:\/\/api.w.org\/{rel}","templated":true}]}}